{"id":12,"date":"2025-10-01T16:19:14","date_gmt":"2025-10-01T14:19:14","guid":{"rendered":"https:\/\/sc2gach2666.universe.wf\/?page_id=12"},"modified":"2026-05-06T19:51:27","modified_gmt":"2026-05-06T17:51:27","slug":"bio","status":"publish","type":"page","link":"https:\/\/formation-intelligence-artificielle.com\/?page_id=12","title":{"rendered":"Bio"},"content":{"rendered":"\r\n<p><strong>Directrice artistique, Artiste, Exploratrice, Formatrice IA\u00a0<\/strong><\/p>\r\n<p><iframe loading=\"lazy\" title=\"ATELIER IA Cr\u00e9ative\" width=\"525\" height=\"295\" src=\"https:\/\/www.youtube.com\/embed\/psI819EvFUk?feature=oembed\" frameborder=\"0\" allow=\"accelerometer; autoplay; clipboard-write; encrypted-media; gyroscope; picture-in-picture; web-share\" referrerpolicy=\"strict-origin-when-cross-origin\" allowfullscreen><\/iframe><\/p>\r\n\r\n\r\n\r\n<p>Apr\u00e8s mes \u00e9tudes aux Beaux-Arts de Lyon, je me suis consacr\u00e9e \u00e0 une carri\u00e8re artistique pluridisciplinaire, m\u00ealant l\u2019enseignement et la production artistique. J\u2019ai rapidement orient\u00e9 mon parcours vers les technologies de l\u2019information et de la communication (TIC) au sein de l\u2019Universit\u00e9 Lyon 2, Parall\u00e8lement j\u2019interviens dans divers \u00e9coles en ateliers d\u2019art num\u00e9rique. Depuis 2018, j\u2019enseigne \u00e0 Bellecour \u00c9cole et interviens r\u00e9guli\u00e8rement aupr\u00e8s d\u2019institutions \u00e9ducatives pour des projets artistiques, culturels et audiovisuels.<\/p>\r\n\r\n\r\n\r\n<figure class=\"wp-block-image\"><img decoding=\"async\" src=\"http:\/\/formation-intelligence-artificielle.com\/wp-content\/uploads\/2024\/10\/405147088_10231625248082117_3102430179687573015_n-1024x548.jpg\" alt=\"\" \/>\r\n<figcaption class=\"wp-element-caption\"><em>Intervenante Conf\u00e9rence \u00ab\u00a0L\u2019intelligence artificielle, dernier avatar de l\u2019imaginaire ?\u00a0\u00bb<br \/>Avec St\u00e9phane Chr\u00e9tien conf\u00e9rencier dans le cadre de l\u2019exposition \u00ab\u00a0Les arts num\u00e9riques sur le devant de la sc\u00e8ne\u00a0\u00bb<\/em>. Mornant 2023<\/figcaption>\r\n<\/figure>\r\n\r\n\r\n\r\n<p>Mon parcours artistique s\u2019\u00e9tend de la conception graphique \u00e0 la production audiovisuelle, en passant par le street art et l\u2019exploration de th\u00e8mes contemporains tels que la condition humaine, la transformation, et les liens entre technologie et cr\u00e9ativit\u00e9.<br \/><br \/>En tant qu\u2019artiste polyvalente, j\u2019ai particip\u00e9 \u00e0 de nombreuses performances et expositions, et ai r\u00e9alis\u00e9 des films, notamment \u00ab\u00a0La chambre mortuaire\u00a0\u00bb et \u00ab\u00a0Le Grand Incident\u00a0\u00bb, pr\u00e9sent\u00e9s lors de la F\u00eate du Livre de Saint-\u00c9tienne 2023 et 2024.<\/p>\r\n\r\n\r\n\r\n<p>D\u00e9but 2023, je me suis tourn\u00e9e vers l\u2019exploration de l\u2019intelligence artificielle (IA) comme outil cr\u00e9atif. J\u2019ai lanc\u00e9 des ateliers destin\u00e9es aux d\u00e9butants et interm\u00e9diaires, centr\u00e9es sur l\u2019utilisation de MidJourney et d\u2019autres outils IA pour la cr\u00e9ation visuelle et vid\u00e9o. Mon approche vise \u00e0 combiner le dessin traditionnel, la photographie et l\u2019IA, cr\u00e9ant ainsi une synergie entre technologie et pratique artistique.<\/p>\r\n\r\n\r\n\r\n<figure class=\"wp-block-image\"><img decoding=\"async\" class=\"wp-image-229\" src=\"http:\/\/formation-intelligence-artificielle.com\/wp-content\/uploads\/2024\/10\/dessintraditionneletia-1024x1024.png\" alt=\"\" \/>\r\n<figcaption class=\"wp-element-caption\">Hybridation dessin traditionnel et IA<\/figcaption>\r\n<\/figure>\r\n\r\n\r\n\r\n<p>Toujours en qu\u00eate d\u2019innovation, je d\u00e9veloppe actuellement des projets m\u00ealant IA et cr\u00e9ativit\u00e9 humaine, tout en proposant des ateliers dans les \u00e9coles et institutions pour sensibiliser \u00e0 cette nouvelle forme d\u2019expression artistique.<br \/>Mon parcours refl\u00e8te une exploration constante des fronti\u00e8res entre art, \u00e9ducation et technologie, avec un engagement fort pour l\u2019exp\u00e9rimentation et la transmission des savoirs.<\/p>\r\n\r\n\r\n\r\n<p>Rejoignez-moi pour une aventure passionnante dans le monde du num\u00e9rique ! J\u2019anime des ateliers interactifs \u00e0 l\u2019Universit\u00e9 Lyon 2, o\u00f9 les \u00e9tudiants explorent les derni\u00e8res tendances en mati\u00e8re d\u2019art num\u00e9rique et d\u2019audiovisuel. Ces sessions sont l\u2019occasion de lib\u00e9rer leur cr\u00e9ativit\u00e9, d\u2019apprendre des techniques innovantes et de se familiariser avec des outils essentiels.<\/p>\r\n\r\n\r\n\r\n<p>Mais l\u2019aventure ne s\u2019arr\u00eate pas l\u00e0 ! Je me d\u00e9place \u00e9galement dans d\u2019autres \u00e9coles, o\u00f9 j\u2019interviens pour partager mes connaissances et ma passion pour l\u2019art num\u00e9rique.<br \/>Chaque rencontre est unique, adapt\u00e9e aux besoins des \u00e9l\u00e8ves et con\u00e7ue pour stimuler leur curiosit\u00e9.<\/p>\r\n\r\n\r\n\r\n<p>Pr\u00eats \u00e0 d\u00e9couvrir le pouvoir du num\u00e9rique ?<br \/>Ensemble, nous allons cr\u00e9er, innover et nous amuser !<\/p>\r\n\r\n\r\n\r\n<figure class=\"wp-block-table\">\r\n<table class=\"has-fixed-layout\">\r\n<tbody>\r\n<tr>\r\n<td><img decoding=\"async\" src=\"http:\/\/www.visitevirtuelle-360.com\/wp-content\/uploads\/2020\/07\/cropped-isara.jpg\" alt=\"Isara\" \/><\/td>\r\n<td><img decoding=\"async\" src=\"http:\/\/www.visitevirtuelle-360.com\/wp-content\/uploads\/2020\/11\/cropped-logo-mumo3_1580408039762-jpg.jpg\" alt=\"Mus\u00e9e des moulages\" \/><\/td>\r\n<td><img decoding=\"async\" src=\"http:\/\/formation-intelligence-artificielle.com\/wp-content\/uploads\/2024\/10\/cropped-Logo_Universite_Lumiere_Lyon_2-1536x1062-2-1024x708.png\" alt=\"\" \/><\/td>\r\n<\/tr>\r\n<tr>\r\n<td><img decoding=\"async\" src=\"http:\/\/www.visitevirtuelle-360.com\/wp-content\/uploads\/2020\/11\/logo.png\" alt=\"logo rive view\" \/><\/td>\r\n<td><img decoding=\"async\" src=\"http:\/\/www.visitevirtuelle-360.com\/wp-content\/uploads\/2020\/07\/cropped-logo-ife-1.jpg\" alt=\"IF\u00c9\" \/><\/td>\r\n<td><img decoding=\"async\" src=\"http:\/\/www.visitevirtuelle-360.com\/wp-content\/uploads\/2020\/07\/cropped-logo20Lam-1.png\" alt=\"\" \/><\/td>\r\n<\/tr>\r\n<tr>\r\n<td><img decoding=\"async\" src=\"http:\/\/www.visitevirtuelle-360.com\/wp-content\/uploads\/2020\/08\/cropped-CPE-2019-Logo-M100.png\" alt=\"courir pour elles\" \/><\/td>\r\n<td><img decoding=\"async\" src=\"http:\/\/www.visitevirtuelle-360.com\/wp-content\/uploads\/2020\/11\/logo_RF_HD-300x171-1.png\" alt=\"Logo Real Factory\" \/><\/td>\r\n<td><img decoding=\"async\" src=\"http:\/\/www.visitevirtuelle-360.com\/wp-content\/uploads\/2020\/11\/musee-HCL-LOGO.jpg\" alt=\"LE MUS\u00c9E DES HCL\" \/><\/td>\r\n<\/tr>\r\n<tr>\r\n<td><img decoding=\"async\" src=\"http:\/\/www.visitevirtuelle-360.com\/wp-content\/uploads\/2020\/11\/LOGO-ds-rectangle-blanc.jpg\" alt=\"Groupama\" \/><\/td>\r\n<td><img decoding=\"async\" src=\"http:\/\/www.visitevirtuelle-360.com\/wp-content\/uploads\/2022\/02\/69.gif\" alt=\"\" \/><\/td>\r\n<td><img decoding=\"async\" src=\"http:\/\/www.visitevirtuelle-360.com\/wp-content\/uploads\/2022\/02\/logo-ens.jpg\" alt=\"\" \/><\/td>\r\n<\/tr>\r\n<\/tbody>\r\n<\/table>\r\n<\/figure>\r\n\r\n\r\n\r\n<p>Liens externes :<\/p>\r\n\r\n\r\n\r\n<p><a href=\"http:\/\/www.visitevirtuelle-360.com\">http:\/\/www.visitevirtuelle-360.com<\/a><br \/><a href=\"http:\/\/laureth-sulfate.com\">http:\/\/laureth-sulfate.com<\/a><br \/><a href=\"http:\/\/www.exposition-lyon.fr\">http:\/\/www.exposition-lyon.fr<\/a><\/p>\r\n\r\n\r\n\r\n<p>&nbsp;<\/p>\r\n","protected":false},"excerpt":{"rendered":"<p>Directrice artistique, Artiste, Exploratrice, Formatrice IA\u00a0 Apr\u00e8s mes \u00e9tudes aux Beaux-Arts de Lyon, je me suis consacr\u00e9e \u00e0 une carri\u00e8re artistique pluridisciplinaire, m\u00ealant l\u2019enseignement et la production artistique. J\u2019ai rapidement orient\u00e9 mon parcours vers les technologies de l\u2019information et de la communication (TIC) au sein de l\u2019Universit\u00e9 Lyon 2, Parall\u00e8lement j\u2019interviens dans divers \u00e9coles en &hellip; <\/p>\n<p class=\"link-more\"><a href=\"https:\/\/formation-intelligence-artificielle.com\/?page_id=12\" class=\"more-link\">Continue reading<span class=\"screen-reader-text\"> &#8220;Bio&#8221;<\/span><\/a><\/p>\n","protected":false},"author":2,"featured_media":0,"parent":0,"menu_order":0,"comment_status":"closed","ping_status":"closed","template":"","meta":{"_uag_custom_page_level_css":"","footnotes":""},"class_list":["post-12","page","type-page","status-publish","hentry"],"uagb_featured_image_src":{"full":false,"thumbnail":false,"medium":false,"medium_large":false,"large":false,"1536x1536":false,"2048x2048":false,"twentyseventeen-featured-image":false,"twentyseventeen-thumbnail-avatar":false},"uagb_author_info":{"display_name":"Administrateur","author_link":"https:\/\/formation-intelligence-artificielle.com\/?author=2"},"uagb_comment_info":0,"uagb_excerpt":"Directrice artistique, Artiste, Exploratrice, Formatrice IA\u00a0 Apr\u00e8s mes \u00e9tudes aux Beaux-Arts de Lyon, je me suis consacr\u00e9e \u00e0 une carri\u00e8re artistique pluridisciplinaire, m\u00ealant l\u2019enseignement et la production artistique. J\u2019ai rapidement orient\u00e9 mon parcours vers les technologies de l\u2019information et de la communication (TIC) au sein de l\u2019Universit\u00e9 Lyon 2, Parall\u00e8lement j\u2019interviens dans divers \u00e9coles en&hellip;","_links":{"self":[{"href":"https:\/\/formation-intelligence-artificielle.com\/index.php?rest_route=\/wp\/v2\/pages\/12","targetHints":{"allow":["GET"]}}],"collection":[{"href":"https:\/\/formation-intelligence-artificielle.com\/index.php?rest_route=\/wp\/v2\/pages"}],"about":[{"href":"https:\/\/formation-intelligence-artificielle.com\/index.php?rest_route=\/wp\/v2\/types\/page"}],"author":[{"embeddable":true,"href":"https:\/\/formation-intelligence-artificielle.com\/index.php?rest_route=\/wp\/v2\/users\/2"}],"replies":[{"embeddable":true,"href":"https:\/\/formation-intelligence-artificielle.com\/index.php?rest_route=%2Fwp%2Fv2%2Fcomments&post=12"}],"version-history":[{"count":6,"href":"https:\/\/formation-intelligence-artificielle.com\/index.php?rest_route=\/wp\/v2\/pages\/12\/revisions"}],"predecessor-version":[{"id":348,"href":"https:\/\/formation-intelligence-artificielle.com\/index.php?rest_route=\/wp\/v2\/pages\/12\/revisions\/348"}],"wp:attachment":[{"href":"https:\/\/formation-intelligence-artificielle.com\/index.php?rest_route=%2Fwp%2Fv2%2Fmedia&parent=12"}],"curies":[{"name":"wp","href":"https:\/\/api.w.org\/{rel}","templated":true}]}}