{"id":271,"date":"2025-10-01T16:47:05","date_gmt":"2025-10-01T14:47:05","guid":{"rendered":"https:\/\/sc2gach2666.universe.wf\/?page_id=271"},"modified":"2025-10-08T18:42:18","modified_gmt":"2025-10-08T16:42:18","slug":"ateliers-ia-creation-dimage","status":"publish","type":"page","link":"https:\/\/formation-intelligence-artificielle.com\/?page_id=271","title":{"rendered":"Ateliers IA Cr\u00e9ation d\u2019image"},"content":{"rendered":"\n<p>PROCHAIN RENDEZ-VOUS<br>ATELIER IA LE 7 ET 8 JUIN 2025 BIENNALE DU DESIGN<br>DE SAINT -ETIENNE<\/p>\n\n\n\n<figure class=\"wp-block-image size-large is-resized is-style-default\"><img loading=\"lazy\" decoding=\"async\" width=\"771\" height=\"1024\" src=\"https:\/\/formation-intelligence-artificielle.com\/wp-content\/uploads\/2025\/10\/Atelier-IA-cycle-MPT-771x1024.jpg\" alt=\"atelier creatif IA\" class=\"wp-image-274\" style=\"width:500px\" srcset=\"https:\/\/formation-intelligence-artificielle.com\/wp-content\/uploads\/2025\/10\/Atelier-IA-cycle-MPT-771x1024.jpg 771w, https:\/\/formation-intelligence-artificielle.com\/wp-content\/uploads\/2025\/10\/Atelier-IA-cycle-MPT-226x300.jpg 226w, https:\/\/formation-intelligence-artificielle.com\/wp-content\/uploads\/2025\/10\/Atelier-IA-cycle-MPT-768x1020.jpg 768w, https:\/\/formation-intelligence-artificielle.com\/wp-content\/uploads\/2025\/10\/Atelier-IA-cycle-MPT.jpg 928w\" sizes=\"auto, (max-width: 706px) 89vw, (max-width: 767px) 82vw, 740px\" \/><\/figure>\n\n\n\n<figure class=\"wp-block-image is-resized\"><img decoding=\"async\" src=\"https:\/\/formation-intelligence-artificielle.com\/wp-content\/uploads\/2025\/04\/bandeau_bid2025-1024x593.jpg\" alt=\"\" style=\"width:500px\"\/><\/figure>\n\n\n\n<h2 class=\"wp-block-heading\">Formation IA Midjourney cr\u00e9ation visuelle IA, apprentissage IA vid\u00e9o et transformation artistique avec IA.<\/h2>\n\n\n\n<p>D\u00e9couvrez les possibilit\u00e9s de l\u2019intelligence artificielle (IA) dans le domaine de la cr\u00e9ation visuelle et sonore.<br>Que vous soyez un artiste, un cr\u00e9atif ou simplement curieux de d\u00e9couvrir comment l\u2019IA peut enrichir vos projets, vous \u00eates au bon endroit !<\/p>\n\n\n\n<p>Enseignantes en arts plastique, dipl\u00f4m\u00e9e de l \u2018\u00c9cole National de Beaux-Arts de Lyon. J\u2019interviens dans de nombreuses \u00e9cole d\u2019enseignements sup\u00e9rieurs tel que l \u2018Universit\u00e9 Lyon2, ICOM, ENS, IF\u00c9, MydigitalSchool, Bellecour Ecole\u2026<br>Sp\u00e9cialis\u00e9e depuis 2 ans dans l\u2019utilisation des outils d\u2019intelligence artificielle pour la cr\u00e9ation, je propose des ateliers niveaux d\u00e9butant et interm\u00e9diaire.<br>Apr\u00e8s plusieurs ann\u00e9es \u00e0 travailler dans les arts visuels et animer des ateliers num\u00e9rique, j\u2019ai pu expertiser comment ces technologies pouvaient transformer les mani\u00e8res de cr\u00e9er, d\u2019explorer de nouvelles id\u00e9es, et d\u2019ouvrir des perspectives qui n \u2018aurait pas pu \u00eatre possible il y a quelques ann\u00e9es.<br><br>Aujourd\u2019hui, je partage avec vous cette expertise \u00e0 travers des formations personnalis\u00e9es, que vous soyez d\u00e9butant ou exp\u00e9riment\u00e9.<\/p>\n\n\n\n<h3 class=\"wp-block-heading\"><strong>Ce que vous d\u00e9couvrirez sur ce site<\/strong><\/h3>\n\n\n\n<ul class=\"wp-block-list\">\n<li><strong>Formations en Cr\u00e9ation Visuelle et Sonore Assist\u00e9e par IA<\/strong><br>Des formations compl\u00e8tes pour apprendre \u00e0 utiliser des outils comme <strong>MidJourney<\/strong> pour cr\u00e9er des images , ou <strong>Suno AI<\/strong> pour g\u00e9n\u00e9rer des paysages sonores \u00e0 partir de simples textes. Chaque formation est con\u00e7ue pour vous guider pas \u00e0 pas, avec des exemples concrets et une approche pratique. Vous serez surpris de ce que vous pouvez accomplir avec un peu d\u2019accompagnement et les bons outils !<\/li>\n\n\n\n<li><strong>Ateliers Cr\u00e9atifs<\/strong><br>Je propose des ateliers pratiques adapt\u00e9s \u00e0 tous les niveaux. C\u2019est l\u2019occasion parfaite pour tester ces outils et lib\u00e9rer votre cr\u00e9ativit\u00e9 tout en d\u00e9couvrant de nouvelles techniques.<\/li>\n\n\n\n<li><strong>Mon Parcours d\u2019Artiste<\/strong><br>D\u00e9couvrez comment mon exp\u00e9rience dans le monde de l\u2019art m\u2019a amen\u00e9 \u00e0 repousser les limites de la cr\u00e9ativit\u00e9 gr\u00e2ce \u00e0 l\u2019intelligence artificielle. Je vous invite \u00e0 explorer mes \u0153uvres et \u00e0 comprendre comment ces outils enrichissent ma d\u00e9marche artistique.<\/li>\n<\/ul>\n\n\n\n<figure class=\"wp-block-image\"><img decoding=\"async\" src=\"http:\/\/formation-intelligence-artificielle.com\/wp-content\/uploads\/2024\/10\/Image577.jpg\" alt=\"Formation atelier Num\u00e9rique  IA\" class=\"wp-image-213\"\/><figcaption class=\"wp-element-caption\">Formation atelier Num\u00e9rique IA<\/figcaption><\/figure>\n\n\n\n<h3 class=\"wp-block-heading\"><strong>Pourquoi l\u2019IA est une r\u00e9volution cr\u00e9ative ?<\/strong><\/h3>\n\n\n\n<p>L\u2019intelligence artificielle est bien plus qu\u2019un outil technique. Elle permet de repenser la cr\u00e9ation, de transformer des id\u00e9es en \u0153uvres tangibles en quelques \u00e9tapes, tout en vous laissant le contr\u00f4le total sur vos projets. Dans mes formations, je mets l\u2019accent sur une utilisation <strong>\u00e9thique et cr\u00e9ative<\/strong> de l\u2019IA, en la mettant au service de votre vision et de votre style unique. Nous aborderons aussi l \u2018impact de L\u2019IA dans le monde du travail, les c\u00f4t\u00e9s. positif, mais aussi n\u00e9gatif.<\/p>\n\n\n\n<h3 class=\"wp-block-heading\">Formation IA Gen \u2013 Apprendre \u00e0 prompter \u2013 Niveau d\u00e9butant<\/h3>\n\n\n\n<p><strong>Formation Midjourney<\/strong><br><em>Utilisez l\u2019IA pour transformer votre cr\u00e9ativit\u00e9 visuelle<\/em><br><em>Niveau : D\u00e9butant et interm\u00e9diaire<\/em><br><strong>Contact :<\/strong> &lt;&lt;&lt;&lt;<a href=\"https:\/\/formation-intelligence-artificielle.com\/formation-creative-avec-lia-explorez-midjourney-et-les-generateurs-dimages\/\"> c\u2019est ici<\/a>&gt;&gt;&gt;&gt;&gt;&gt;<\/p>\n\n\n\n<hr class=\"wp-block-separator has-alpha-channel-opacity\"\/>\n\n\n\n<figure class=\"wp-block-image\"><img decoding=\"async\" src=\"http:\/\/formation-intelligence-artificielle.com\/wp-content\/uploads\/2024\/10\/dalmation_0003_Calque-1-1.jpg\" alt=\"\" class=\"wp-image-118\"\/><\/figure>\n\n\n\n<p>Explorez l\u2019Art de l\u2019Intelligence Artificielle pour l\u2019Image et la Vid\u00e9o<\/p>\n\n\n\n<p>D\u00e9couvrez la puissance de l\u2019IA au service de votre imagination. Que vous soyez un cr\u00e9atif passionn\u00e9 ou simplement curieux, cette formation vous permettra d\u2019explorer les possibilit\u00e9s infinies offertes par l\u2019intelligence artificielle pour la cr\u00e9ation visuelle et vid\u00e9o.<\/p>\n\n\n\n<h4 class=\"wp-block-heading\"><\/h4>\n\n\n\n<hr class=\"wp-block-separator has-alpha-channel-opacity\"\/>\n\n\n\n<figure class=\"wp-block-video\"><video controls src=\"http:\/\/formation-intelligence-artificielle.com\/wp-content\/uploads\/2024\/10\/video3.mp4\"><\/video><\/figure>\n\n\n\n<p>Pourquoi Apprendre l\u2019IA pour l\u2019Image et la Vid\u00e9o ?<\/p>\n\n\n\n<p><strong>Formation Accessible<\/strong> : Que vous soyez d\u00e9butant ou professionnel, cette formation s\u2019adapte \u00e0 votre rythme.<\/p>\n\n\n\n<p><strong>Cr\u00e9ez Autrement<\/strong> : Apprenez \u00e0 transformer votre approche artistique avec des outils innovants.<\/p>\n\n\n\n<p><strong>Racontez des Histoires Visuelles<\/strong> : D\u00e9veloppez des comp\u00e9tences pour cr\u00e9er des images et vid\u00e9os captivantes.<\/p>\n\n\n\n<hr class=\"wp-block-separator has-alpha-channel-opacity\"\/>\n\n\n\n<h3 class=\"wp-block-heading\">Ce Que Vous Apprendrez<\/h3>\n\n\n\n<ol class=\"wp-block-list\">\n<li><strong>Vision par Ordinateur apprendre a prompter<\/strong><br>Apprenez comment l\u2019IA \u00ab&nbsp;voit&nbsp;\u00bb et interpr\u00e8te les images.<\/li>\n\n\n\n<li><strong>Sublimez vos Images<\/strong><br>Am\u00e9liorez la qualit\u00e9 de vos photos et ajoutez des effets artistiques avec des techniques simples.<\/li>\n\n\n\n<li><strong>Cr\u00e9ez avec des R\u00e9seaux de Neurones Convolutifs (CNN)<\/strong><br>Initiez-vous aux CNN pour transformer vos images et enrichir vos projets visuels.<\/li>\n\n\n\n<li><strong>Transformation Vid\u00e9o<\/strong><br>Explorez l\u2019analyse de vid\u00e9os et la cr\u00e9ation d\u2019animations interactives.<\/li>\n\n\n\n<li><strong>Ateliers Pratiques<\/strong><br>Travaillez sur des projets qui vous inspirent et appliquez vos nouvelles comp\u00e9tences<\/li>\n\n\n\n<li><strong>Connaitre les logiciels<\/strong><br>Veille sur les logiciels existant<\/li>\n<\/ol>\n\n\n\n<h3 class=\"wp-block-heading\"><strong>Pourquoi Choisir Cette Formation ?<\/strong><\/h3>\n\n\n\n<ul class=\"wp-block-list\">\n<li><strong>Approche Conviviale<\/strong> : Apprenez dans une ambiance chaleureuse, entour\u00e9 d\u2019autres passionn\u00e9s de cr\u00e9ation visuelle.<\/li>\n\n\n\n<li><strong>Projets Personnalis\u00e9s<\/strong> : Travaillez sur des projets qui vous inspirent, qu\u2019il s\u2019agisse de photographies, de vid\u00e9os ou d\u2019art num\u00e9rique.<\/li>\n<\/ul>\n\n\n\n<hr class=\"wp-block-separator has-alpha-channel-opacity\"\/>\n\n\n\n<figure class=\"wp-block-video\"><video controls src=\"http:\/\/formation-intelligence-artificielle.com\/wp-content\/uploads\/2024\/10\/formation-IA-envole.mov\"><\/video><\/figure>\n\n\n\n<p><strong>Comment S\u2019inscrire ?<\/strong><\/p>\n\n\n\n<p>Pr\u00eat \u00e0 explorer le monde de l\u2019intelligence artificielle pour l\u2019image et la vid\u00e9o ?<br><strong>Formation en groupe ou personnalis\u00e9e<\/strong><br><strong>Contactez-moi via <\/strong>par <a href=\"mailto:chloedelyon@gmail.com\">mail<\/a><br>ou par t\u00e9l\u00e9phone au <strong>0689988211<\/strong><br><strong>Envolez-vous pour de nouvelles aventure !<\/strong><video controls=\"controls\" src=\"http:\/\/formation-intelligence-artificielle.com\/wp-content\/uploads\/2024\/10\/dalmation-se-degonfle.mov\"><\/video><\/p>\n\n\n\n<h3 class=\"wp-block-heading\"><\/h3>\n\n\n\n<p>Si vous avez des questions, je serai ravie de vous r\u00e9pondre ! \u2013 T\u00e9l : 0689988211<\/p>\n\n\n\n<hr class=\"wp-block-separator has-alpha-channel-opacity\"\/>\n\n\n\n<figure class=\"wp-block-image\"><img decoding=\"async\" src=\"http:\/\/formation-intelligence-artificielle.com\/wp-content\/uploads\/2024\/10\/cropped-formation-logo.png\" alt=\"\" class=\"wp-image-73\"\/><\/figure>\n\n\n\n<figure class=\"wp-block-image\"><img decoding=\"async\" src=\"http:\/\/formation-intelligence-artificielle.com\/wp-content\/uploads\/2024\/10\/ateliermidjourneylyon.png\" alt=\"\" class=\"wp-image-285\"\/><\/figure>\n\n\n\n<figure class=\"wp-block-image\"><img decoding=\"async\" src=\"http:\/\/formation-intelligence-artificielle.com\/wp-content\/uploads\/2024\/10\/midjourneycrtfatelier.png\" alt=\"\" class=\"wp-image-287\"\/><\/figure>\n\n\n\n<p><em>Cr\u00e9ation de visages r\u00e9currents pour film d\u2019animation.<\/em><\/p>\n","protected":false},"excerpt":{"rendered":"<p>PROCHAIN RENDEZ-VOUSATELIER IA LE 7 ET 8 JUIN 2025 BIENNALE DU DESIGNDE SAINT -ETIENNE Formation IA Midjourney cr\u00e9ation visuelle IA, apprentissage IA vid\u00e9o et transformation artistique avec IA. D\u00e9couvrez les possibilit\u00e9s de l\u2019intelligence artificielle (IA) dans le domaine de la cr\u00e9ation visuelle et sonore.Que vous soyez un artiste, un cr\u00e9atif ou simplement curieux de d\u00e9couvrir &hellip; <\/p>\n<p class=\"link-more\"><a href=\"https:\/\/formation-intelligence-artificielle.com\/?page_id=271\" class=\"more-link\">Continue reading<span class=\"screen-reader-text\"> &#8220;Ateliers IA Cr\u00e9ation d\u2019image&#8221;<\/span><\/a><\/p>\n","protected":false},"author":1,"featured_media":0,"parent":0,"menu_order":0,"comment_status":"closed","ping_status":"closed","template":"","meta":{"_uag_custom_page_level_css":"","footnotes":""},"class_list":["post-271","page","type-page","status-publish","hentry"],"uagb_featured_image_src":{"full":false,"thumbnail":false,"medium":false,"medium_large":false,"large":false,"1536x1536":false,"2048x2048":false,"twentyseventeen-featured-image":false,"twentyseventeen-thumbnail-avatar":false},"uagb_author_info":{"display_name":"","author_link":"https:\/\/formation-intelligence-artificielle.com\/?author=1"},"uagb_comment_info":0,"uagb_excerpt":"PROCHAIN RENDEZ-VOUSATELIER IA LE 7 ET 8 JUIN 2025 BIENNALE DU DESIGNDE SAINT -ETIENNE Formation IA Midjourney cr\u00e9ation visuelle IA, apprentissage IA vid\u00e9o et transformation artistique avec IA. D\u00e9couvrez les possibilit\u00e9s de l\u2019intelligence artificielle (IA) dans le domaine de la cr\u00e9ation visuelle et sonore.Que vous soyez un artiste, un cr\u00e9atif ou simplement curieux de d\u00e9couvrir&hellip;","_links":{"self":[{"href":"https:\/\/formation-intelligence-artificielle.com\/index.php?rest_route=\/wp\/v2\/pages\/271","targetHints":{"allow":["GET"]}}],"collection":[{"href":"https:\/\/formation-intelligence-artificielle.com\/index.php?rest_route=\/wp\/v2\/pages"}],"about":[{"href":"https:\/\/formation-intelligence-artificielle.com\/index.php?rest_route=\/wp\/v2\/types\/page"}],"author":[{"embeddable":true,"href":"https:\/\/formation-intelligence-artificielle.com\/index.php?rest_route=\/wp\/v2\/users\/1"}],"replies":[{"embeddable":true,"href":"https:\/\/formation-intelligence-artificielle.com\/index.php?rest_route=%2Fwp%2Fv2%2Fcomments&post=271"}],"version-history":[{"count":4,"href":"https:\/\/formation-intelligence-artificielle.com\/index.php?rest_route=\/wp\/v2\/pages\/271\/revisions"}],"predecessor-version":[{"id":283,"href":"https:\/\/formation-intelligence-artificielle.com\/index.php?rest_route=\/wp\/v2\/pages\/271\/revisions\/283"}],"wp:attachment":[{"href":"https:\/\/formation-intelligence-artificielle.com\/index.php?rest_route=%2Fwp%2Fv2%2Fmedia&parent=271"}],"curies":[{"name":"wp","href":"https:\/\/api.w.org\/{rel}","templated":true}]}}