{"id":8,"date":"2025-10-01T16:17:59","date_gmt":"2025-10-01T14:17:59","guid":{"rendered":"https:\/\/sc2gach2666.universe.wf\/?page_id=8"},"modified":"2026-03-16T09:28:42","modified_gmt":"2026-03-16T08:28:42","slug":"ateliers-ia-creation-sonore","status":"publish","type":"page","link":"https:\/\/formation-intelligence-artificielle.com\/?page_id=8","title":{"rendered":"Ateliers IA Cr\u00e9ation Sonore"},"content":{"rendered":"\r\n<h2 class=\"wp-block-heading\">Musique IA, sound design avec intelligence artificielle et composition musicale avec IA<\/h2>\r\n\r\n\r\n\r\n<p><strong>Transformez Vos Mots en Musique avec l\u2019IA<\/strong><br \/>Envie de cr\u00e9er de la musique sans \u00eatre un expert ? Gr\u00e2ce \u00e0 l\u2019intelligence artificielle, c\u2019est possible ! Nos ateliers vous montrent comment utiliser des outils simples pour transformer vos textes en morceaux musicaux uniques. Que vous soyez un passionn\u00e9 de musique ou simplement curieux, vous allez adorer explorer cette nouvelle mani\u00e8re de cr\u00e9er.<\/p>\r\n<p>&nbsp;<\/p>\r\n\r\n<iframe width=\"560\" height=\"315\" \r\nsrc=\"https:\/\/www.youtube.com\/embed\/wDhwFL3wl_c\" \r\ntitle=\"YouTube video player\" \r\nframeborder=\"0\" \r\nallow=\"accelerometer; autoplay; clipboard-write; encrypted-media; gyroscope; picture-in-picture; web-share\" \r\nallowfullscreen>\r\n<\/iframe>\r\n\r\n\r\n<h3 class=\"wp-block-heading\">Pourquoi Participer \u00e0 Nos Ateliers ?<\/h3>\r\n\r\n\r\n\r\n<ol class=\"wp-block-list\">\r\n<li><strong>Facile et ludique<\/strong>: Apprenez les comp\u00e9tences techniques, il vous suffit de comprendre comment \u00e9diter votre texte et l\u2019IA fait le reste.<\/li>\r\n\r\n\r\n\r\n<li><strong>Cr\u00e9ez en Toute Libert\u00e9<\/strong> : Exprimez-vous \u00e0 travers la musique en utilisant vos propres mots.<\/li>\r\n\r\n\r\n\r\n<li><strong>Pour Tous<\/strong> : Ces ateliers sont ouverts \u00e0 tout le monde, que vous soyez d\u00e9butant ou d\u00e9j\u00e0 cr\u00e9atif.<\/li>\r\n<\/ol>\r\n\r\n\r\n\r\n<figure class=\"wp-block-image\"><img decoding=\"async\" class=\"wp-image-113\" src=\"http:\/\/formation-intelligence-artificielle.com\/wp-content\/uploads\/2024\/10\/studio-son-1.png\" alt=\"\" \/><\/figure>\r\n\r\n\r\n\r\n<p>Ce Que Vous Allez Faire\u2026<\/p>\r\n\r\n\r\n\r\n<h4 class=\"wp-block-heading\">1. D\u00e9couverte de l\u2019Utilisation Des IA<\/h4>\r\n\r\n\r\n\r\n<ul class=\"wp-block-list\">\r\n<li>Utilisez votre propre voix<\/li>\r\n\r\n\r\n\r\n<li>Apprenez \u00e0 utiliser Suno AI, un outil qui transforme les textes en sons.<\/li>\r\n\r\n\r\n\r\n<li>D\u00e9couvrez comment choisir des styles musicaux et ajuster les m\u00e9lodies.<\/li>\r\n<\/ul>\r\n\r\n\r\n\r\n<h4 class=\"wp-block-heading\">2. \u00c9crivez Votre Texte<\/h4>\r\n\r\n\r\n\r\n<ul class=\"wp-block-list\">\r\n<li>R\u00e9digez un texte, un po\u00e8me, ou m\u00eame une simple phrase.<\/li>\r\n\r\n\r\n\r\n<li>Choisissez le style musical qui vous pla\u00eet le plus.<\/li>\r\n<\/ul>\r\n\r\n\r\n\r\n<figure class=\"wp-block-video\"><video src=\"http:\/\/formation-intelligence-artificielle.com\/wp-content\/uploads\/2024\/10\/musique-jinspire-1-1.mp4\" controls=\"controls\" width=\"300\" height=\"150\"><\/video><\/figure>\r\n\r\n\r\n\r\n<p><strong>3. Cr\u00e9ez Votre Musique<\/strong><\/p>\r\n\r\n\r\n\r\n<p><strong>Partagez, int\u00e9grez Votre Cr\u00e9ation<\/strong> : vous pouvez integrez votre musique sur vos vid\u00e9os ou slide image.<\/p>\r\n\r\n\r\n\r\n<p>Laissez l\u2019IA transformer votre texte en une cr\u00e9ation sonore unique.<br \/>\u00c9coutez, ajustez, et partagez votre \u0153uvre.<\/p>\r\n\r\n\r\n\r\n\r\n\r\n<p><strong>Simple et Intuitif<\/strong> : M\u00eame si vous n\u2019avez jamais fait de musique, vous verrez \u00e0 quel point c\u2019est facile.<\/p>\r\n\r\n\r\n\r\n<p><strong>Instantan\u00e9<\/strong> : Cr\u00e9ez de la musique en quelques minutes seulement, juste en tapant votre texte.<\/p>\r\n\r\n\r\n\r\n<h3 class=\"wp-block-heading\">Comment S\u2019inscrire ?<\/h3>\r\n\r\n\r\n\r\n<p>Curieux d\u2019explorer le futur de la musique et du son avec l\u2019intelligence artificielle ? Rejoignez nos ateliers en vous inscrivant ici : <a href=\"mailto:chloedelyon@gmail.com\">Inscription.<\/a><\/p>\r\n\r\n\r\n\r\n<p>Pour toute question, contactez-nous par email \u00e0 <a href=\"mailto:chloedelyon@gmail.com\">contact<\/a><br \/>ou appelez-nous au 06 89 98 82 11<\/p>\r\n","protected":false},"excerpt":{"rendered":"<p>Musique IA, sound design avec intelligence artificielle et composition musicale avec IA Transformez Vos Mots en Musique avec l\u2019IAEnvie de cr\u00e9er de la musique sans \u00eatre un expert ? Gr\u00e2ce \u00e0 l\u2019intelligence artificielle, c\u2019est possible ! Nos ateliers vous montrent comment utiliser des outils simples pour transformer vos textes en morceaux musicaux uniques. Que vous &hellip; <\/p>\n<p class=\"link-more\"><a href=\"https:\/\/formation-intelligence-artificielle.com\/?page_id=8\" class=\"more-link\">Continue reading<span class=\"screen-reader-text\"> &#8220;Ateliers IA Cr\u00e9ation Sonore&#8221;<\/span><\/a><\/p>\n","protected":false},"author":2,"featured_media":0,"parent":0,"menu_order":0,"comment_status":"closed","ping_status":"closed","template":"","meta":{"_uag_custom_page_level_css":"","footnotes":""},"class_list":["post-8","page","type-page","status-publish","hentry"],"uagb_featured_image_src":{"full":false,"thumbnail":false,"medium":false,"medium_large":false,"large":false,"1536x1536":false,"2048x2048":false,"twentyseventeen-featured-image":false,"twentyseventeen-thumbnail-avatar":false},"uagb_author_info":{"display_name":"Administrateur","author_link":"https:\/\/formation-intelligence-artificielle.com\/?author=2"},"uagb_comment_info":0,"uagb_excerpt":"Musique IA, sound design avec intelligence artificielle et composition musicale avec IA Transformez Vos Mots en Musique avec l\u2019IAEnvie de cr\u00e9er de la musique sans \u00eatre un expert ? Gr\u00e2ce \u00e0 l\u2019intelligence artificielle, c\u2019est possible ! Nos ateliers vous montrent comment utiliser des outils simples pour transformer vos textes en morceaux musicaux uniques. Que vous&hellip;","_links":{"self":[{"href":"https:\/\/formation-intelligence-artificielle.com\/index.php?rest_route=\/wp\/v2\/pages\/8","targetHints":{"allow":["GET"]}}],"collection":[{"href":"https:\/\/formation-intelligence-artificielle.com\/index.php?rest_route=\/wp\/v2\/pages"}],"about":[{"href":"https:\/\/formation-intelligence-artificielle.com\/index.php?rest_route=\/wp\/v2\/types\/page"}],"author":[{"embeddable":true,"href":"https:\/\/formation-intelligence-artificielle.com\/index.php?rest_route=\/wp\/v2\/users\/2"}],"replies":[{"embeddable":true,"href":"https:\/\/formation-intelligence-artificielle.com\/index.php?rest_route=%2Fwp%2Fv2%2Fcomments&post=8"}],"version-history":[{"count":4,"href":"https:\/\/formation-intelligence-artificielle.com\/index.php?rest_route=\/wp\/v2\/pages\/8\/revisions"}],"predecessor-version":[{"id":337,"href":"https:\/\/formation-intelligence-artificielle.com\/index.php?rest_route=\/wp\/v2\/pages\/8\/revisions\/337"}],"wp:attachment":[{"href":"https:\/\/formation-intelligence-artificielle.com\/index.php?rest_route=%2Fwp%2Fv2%2Fmedia&parent=8"}],"curies":[{"name":"wp","href":"https:\/\/api.w.org\/{rel}","templated":true}]}}